{"id":455,"date":"2024-01-04T16:08:03","date_gmt":"2024-01-04T19:08:03","guid":{"rendered":"https:\/\/virtualmente.org\/?page_id=455"},"modified":"2025-12-03T12:48:29","modified_gmt":"2025-12-03T15:48:29","slug":"politica-de-privacidad-lagrimas-de-sol-experiencia-inmersiva","status":"publish","type":"page","link":"https:\/\/virtualmente.org\/index.php\/politica-de-privacidad-lagrimas-de-sol-experiencia-inmersiva\/","title":{"rendered":"Pol\u00edtica de Privacidad &#8220;L\u00e1grimas de Sol Experiencia Inmersiva&#8221;"},"content":{"rendered":"\n<p>La presente pol\u00edtica de privacidad establece los t\u00e9rminos de uso de la aplicaci\u00f3n de software (&#8220;L\u00e1grimas de Sol Experiencia Inmersiva\u201d) en un dispositivo m\u00f3vil. Su privacidad para nosotros y nosotras es importante, por lo que pasamos a detallar nuestra pol\u00edtica respecto a la confidencialidad de su informaci\u00f3n persona. Adem\u00e1s puntualizarmemos nuestros principios, t\u00e9rminos y condiciones de uso.<\/p>\n\n\n\n<p>Pol\u00edtica de Privacidad<br>\u25cf La aplicaci\u00f3n &#8220;L\u00e1grimas de Sol Experiencia Inmersiva&#8221; no recopila datos privados, ni se nos enviar\u00e1n autom\u00e1ticamente datos privados de los y las usuarias.<br>\u25cf Cuando usted compra nuestro juego, recibiremos la informaci\u00f3nque usted brinda a trav\u00e9s del proveedor del servicio de tienda (Oculus Meta,Playstore,Steam y otros). Estos podr\u00edan ser su direcci\u00f3n correo, su nombre de usuario, su pa\u00eds y los datos sobre la transacci\u00f3n realizada<br>Enlaces a terceros<br>\u25cf La aplicaci\u00f3n &#8220;L\u00e1grimas de Sol&#8221; no contiene enlaces a sitios de ning\u00fan tipo. En tanto que, en nuestro sitio web Virtualmente.org, si pueden encontrarse disponibles enlaces a sitios de terceras partes, la inclusi\u00f3n de cualquier v\u00ednculo no implica aprobaci\u00f3n del sitio por parte de Virtualmente. El uso de cualquier sitio web vinculado es bajo el propio riesgo del usuario.<br>T\u00e9rminos y Condiciones<br>\u25cf Al acceder a nuestro sitio web Virtualmente.org, usted acepta estar sujeto a los T\u00e9rminos y condiciones de uso de este sitio web, a todas las leyes y regulaciones aplicables, y acepta que es responsable del cumplimiento de las leyes locales aplicables. Si no est\u00e1 de acuerdo con alguno de estos t\u00e9rminos, tiene prohibido usar o acceder a este sitio. Los materiales contenidos en este sitio web est\u00e1n protegidos por las leyes de derechos de autor y marcas comerciales aplicables.<br>Licencia de Uso Sitio Web y Aplicaci\u00f3n<br>\u25cf Se concede permiso para descargar temporalmente una copia de los materiales (informaci\u00f3n o software) en el sitio web Virtualmente.org y\/o en la aplicaci\u00f3n &#8220;L\u00e1grimas de Sol Experiencia Inmersiva&#8221;, para visualizaci\u00f3n transitoria personal y no comercial \u00fanicamente. Esta es la concesi\u00f3n de una licencia,no una transferencia de t\u00edtulo, y bajo esta licencia usted no puede: modificar o copiar los materiales; utilizar los materiales para cualquier fin comercial o para cualquier exhibici\u00f3n p\u00fablica (comercial o no comercial) sin autorizaci\u00f3n expresa de Virtualmente; intentar descompilar o aplicar ingenier\u00eda inversa a cualquier software contenido de Virtualmente; eliminar cualquier copyright u otras anotaciones de propiedad de los materiales; o transferir los materiales a otra persona o \u201creplicar\u201d los materiales en cualquier otro servidor.<br>Esta licencia finalizar\u00e1 autom\u00e1ticamente si usted viola cualquiera de estas restricciones y Virtualmente podr\u00e1 cancelarla en cualquier momento. Al finalizar la visualizaci\u00f3n de estos materiales o al finalizar esta licencia, debe destruir cualquier material descargado que tenga en su poder, ya sea en formato electr\u00f3nico o impreso.<br>Descargo de responsabilidad<br>\u25cf La aplicaci\u00f3n L\u00e1grimas de Sol se proporciona &#8220;tal cual&#8221;. Virtualmente no ofrece garant\u00edas, expresas o impl\u00edcitas, y por la presente renuncia y niega todas las dem\u00e1s garant\u00edas, incluidas, entre otras, las garant\u00edas impl\u00edcitas o condiciones de comerciabilidad, idoneidad para un prop\u00f3sito particular o no infracci\u00f3n de propiedad intelectual u otra violaci\u00f3n de derechos. Adem\u00e1s, Virtualmente no garantiza ni hace ninguna declaraci\u00f3n con respecto a la precisi\u00f3n, los resultados probables o la confiabilidad del uso de la aplicaci\u00f3n o de otro modo en relaci\u00f3n con dichos materiales.<br>L\u00edmites<br>\u25cf En ning\u00fan caso, Virtualmente o sus proveedores ser\u00e1n responsables de los da\u00f1os (incluidos, entre otros, da\u00f1os por p\u00e9rdida de datos o ganancias, o debido a la interrupci\u00f3n del negocio) que surjan del uso o la imposibilidad de usar nuestra aplicaci\u00f3n. Debido a que algunas jurisdicciones no permiten limitaciones a las garant\u00edas impl\u00edcitas o limitaciones de responsabilidad por da\u00f1os consecuentes o incidentales, es posible que estas limitaciones no se apliquen a usted.<\/p>\n\n\n\n<ol start=\"5\" class=\"wp-block-list\">\n<li>Revisiones y erratas<br>\u25cf Los materiales que aparecen en el sitio web Virtualmente.org as\u00ed como en la aplicaci\u00f3n L\u00e1grimas de Sol Experiencia Inmersiva podr\u00edan incluir errores t\u00e9cnicos, tipogr\u00e1ficos o fotogr\u00e1ficos. Virtualmente no garantiza que ninguno de los materiales sea exacto, completo o actual. Virtualmente puede realizar cambios en los materiales contenidos en su sitio web o en sus aplicaciones en cualquier momento sin previo aviso. Sin embargo, Virtualmente no se compromete a actualizar los materiales.<br>Ley aplicable<br>Cualquier reclamo relacionado con el sitio web de Virtualmente se regir\u00e1 por las leyes de Argentina sin tener en cuenta sus disposiciones sobre conflicto de leyes.<br>Modificaciones de los t\u00e9rminos de uso del sitio<br>\u25cf Virtualmente puede revisar la pol\u00edtica de privacidad y estos t\u00e9rminos de uso en cualquier momento sin previo aviso. Al utilizar sus aplicaciones o ingresar a su sitio web, usted acepta estar sujeto\/a a la versi\u00f3n vigente en ese momento de estos T\u00e9rminos y condiciones de uso.<\/li>\n<\/ol>\n\n\n\n<p>VIRTUALMENTE<br>DESARROLLOS INMERSIVOS<br>info@virtualmente.org<\/p>\n","protected":false},"excerpt":{"rendered":"<p>La presente pol\u00edtica de privacidad establece los t\u00e9rminos de uso de la aplicaci\u00f3n de software (&#8220;L\u00e1grimas de Sol Experiencia Inmersiva\u201d) en un dispositivo m\u00f3vil. Su privacidad para nosotros y nosotras es importante, por lo que pasamos a detallar nuestra pol\u00edtica respecto a la confidencialidad de su informaci\u00f3n persona. Adem\u00e1s puntualizarmemos [&hellip;]<\/p>\n","protected":false},"author":1,"featured_media":0,"parent":0,"menu_order":0,"comment_status":"closed","ping_status":"closed","template":"","meta":{"_themeisle_gutenberg_block_has_review":false,"footnotes":""},"class_list":["post-455","page","type-page","status-publish","hentry"],"_links":{"self":[{"href":"https:\/\/virtualmente.org\/index.php\/wp-json\/wp\/v2\/pages\/455","targetHints":{"allow":["GET"]}}],"collection":[{"href":"https:\/\/virtualmente.org\/index.php\/wp-json\/wp\/v2\/pages"}],"about":[{"href":"https:\/\/virtualmente.org\/index.php\/wp-json\/wp\/v2\/types\/page"}],"author":[{"embeddable":true,"href":"https:\/\/virtualmente.org\/index.php\/wp-json\/wp\/v2\/users\/1"}],"replies":[{"embeddable":true,"href":"https:\/\/virtualmente.org\/index.php\/wp-json\/wp\/v2\/comments?post=455"}],"version-history":[{"count":3,"href":"https:\/\/virtualmente.org\/index.php\/wp-json\/wp\/v2\/pages\/455\/revisions"}],"predecessor-version":[{"id":1650,"href":"https:\/\/virtualmente.org\/index.php\/wp-json\/wp\/v2\/pages\/455\/revisions\/1650"}],"wp:attachment":[{"href":"https:\/\/virtualmente.org\/index.php\/wp-json\/wp\/v2\/media?parent=455"}],"curies":[{"name":"wp","href":"https:\/\/api.w.org\/{rel}","templated":true}]}}