{"id":366,"date":"2023-12-29T23:15:01","date_gmt":"2023-12-30T02:15:01","guid":{"rendered":"https:\/\/virtualmente.org\/?page_id=366"},"modified":"2024-09-05T00:26:52","modified_gmt":"2024-09-05T03:26:52","slug":"prensa","status":"publish","type":"page","link":"https:\/\/virtualmente.org\/index.php\/prensa\/","title":{"rendered":"PRENSA"},"content":{"rendered":"\n<div class=\"wp-block-group alignwide\" style=\"margin-top:0px;margin-bottom:80px;padding-top:0;padding-right:var(--wp--preset--spacing--30);padding-bottom:0;padding-left:var(--wp--preset--spacing--30)\"><div class=\"wp-block-group__inner-container is-layout-constrained wp-container-core-group-is-layout-7c37d1e3 wp-block-group-is-layout-constrained\">\n<div class=\"wp-block-columns alignwide prensa is-layout-flex wp-container-core-columns-is-layout-b0bab6eb wp-block-columns-is-layout-flex\" style=\"margin-top:var(--wp--preset--spacing--40);margin-bottom:var(--wp--preset--spacing--40)\">\n<div class=\"wp-block-column is-layout-flow wp-block-column-is-layout-flow\">\n<figure class=\"wp-block-image size-full\"><a href=\"https:\/\/www.pagina12.com.ar\/diario\/sociedad\/3-306551-2016-08-11.html\" target=\"_blank\" rel=\"noreferrer noopener\"><img loading=\"lazy\" decoding=\"async\" width=\"624\" height=\"624\" src=\"https:\/\/virtualmente.org\/wp-content\/uploads\/2023\/12\/pagina.png\" alt=\"\" class=\"wp-image-375\" style=\"aspect-ratio:1;object-fit:cover\" srcset=\"https:\/\/virtualmente.org\/wp-content\/uploads\/2023\/12\/pagina.png 624w, https:\/\/virtualmente.org\/wp-content\/uploads\/2023\/12\/pagina-230x230.png 230w, https:\/\/virtualmente.org\/wp-content\/uploads\/2023\/12\/pagina-160x160.png 160w, https:\/\/virtualmente.org\/wp-content\/uploads\/2023\/12\/pagina-600x600.png 600w, https:\/\/virtualmente.org\/wp-content\/uploads\/2023\/12\/pagina-300x300.png 300w, https:\/\/virtualmente.org\/wp-content\/uploads\/2023\/12\/pagina-150x150.png 150w\" sizes=\"auto, (max-width: 624px) 100vw, 624px\" \/><\/a><\/figure>\n<\/div>\n\n\n\n<div class=\"wp-block-column is-layout-flow wp-block-column-is-layout-flow\">\n<figure class=\"wp-block-image size-full\"><a href=\"https:\/\/tn.com.ar\/tecno\/novedades\/2016\/08\/18\/una-animacion-virtual-recrea-la-caida-de-un-meteorito-hace-4-mil-anos-en-chaco\/\" target=\"_blank\" rel=\"noreferrer noopener\"><img loading=\"lazy\" decoding=\"async\" width=\"624\" height=\"624\" src=\"https:\/\/virtualmente.org\/wp-content\/uploads\/2023\/12\/tn.png\" alt=\"\" class=\"wp-image-376\" style=\"aspect-ratio:1;object-fit:cover\" srcset=\"https:\/\/virtualmente.org\/wp-content\/uploads\/2023\/12\/tn.png 624w, https:\/\/virtualmente.org\/wp-content\/uploads\/2023\/12\/tn-230x230.png 230w, https:\/\/virtualmente.org\/wp-content\/uploads\/2023\/12\/tn-160x160.png 160w, https:\/\/virtualmente.org\/wp-content\/uploads\/2023\/12\/tn-600x600.png 600w, https:\/\/virtualmente.org\/wp-content\/uploads\/2023\/12\/tn-300x300.png 300w, https:\/\/virtualmente.org\/wp-content\/uploads\/2023\/12\/tn-150x150.png 150w\" sizes=\"auto, (max-width: 624px) 100vw, 624px\" \/><\/a><\/figure>\n<\/div>\n\n\n\n<div class=\"wp-block-column is-layout-flow wp-block-column-is-layout-flow\">\n<figure class=\"wp-block-image size-full\"><a href=\"https:\/\/weekend.perfil.com\/noticias\/weekend\/2016-07-26-32361-realidad-virtual-la-caida-de-los-meteoritos-del-chaco.phtml\" target=\"_blank\" rel=\"noreferrer noopener\"><img loading=\"lazy\" decoding=\"async\" width=\"624\" height=\"624\" src=\"https:\/\/virtualmente.org\/wp-content\/uploads\/2023\/12\/weekend.png\" alt=\"\" class=\"wp-image-377\" style=\"aspect-ratio:1;object-fit:cover\" srcset=\"https:\/\/virtualmente.org\/wp-content\/uploads\/2023\/12\/weekend.png 624w, https:\/\/virtualmente.org\/wp-content\/uploads\/2023\/12\/weekend-230x230.png 230w, https:\/\/virtualmente.org\/wp-content\/uploads\/2023\/12\/weekend-160x160.png 160w, https:\/\/virtualmente.org\/wp-content\/uploads\/2023\/12\/weekend-600x600.png 600w, https:\/\/virtualmente.org\/wp-content\/uploads\/2023\/12\/weekend-300x300.png 300w, https:\/\/virtualmente.org\/wp-content\/uploads\/2023\/12\/weekend-150x150.png 150w\" sizes=\"auto, (max-width: 624px) 100vw, 624px\" \/><\/a><\/figure>\n<\/div>\n\n\n\n<div class=\"wp-block-column is-layout-flow wp-block-column-is-layout-flow\">\n<figure class=\"wp-block-image size-full\"><a href=\"https:\/\/www.ellitoral.com\/educacion\/tecnologia-inmersiva-lugar-mediapolis-2017_0_EJXzJWs7cp.html\" target=\"_blank\" rel=\"noreferrer noopener\"><img loading=\"lazy\" decoding=\"async\" width=\"624\" height=\"624\" src=\"https:\/\/virtualmente.org\/wp-content\/uploads\/2023\/12\/litoral.png\" alt=\"\" class=\"wp-image-378\" style=\"aspect-ratio:1;object-fit:cover\" srcset=\"https:\/\/virtualmente.org\/wp-content\/uploads\/2023\/12\/litoral.png 624w, https:\/\/virtualmente.org\/wp-content\/uploads\/2023\/12\/litoral-230x230.png 230w, https:\/\/virtualmente.org\/wp-content\/uploads\/2023\/12\/litoral-160x160.png 160w, https:\/\/virtualmente.org\/wp-content\/uploads\/2023\/12\/litoral-600x600.png 600w, https:\/\/virtualmente.org\/wp-content\/uploads\/2023\/12\/litoral-300x300.png 300w, https:\/\/virtualmente.org\/wp-content\/uploads\/2023\/12\/litoral-150x150.png 150w\" sizes=\"auto, (max-width: 624px) 100vw, 624px\" \/><\/a><\/figure>\n<\/div>\n\n\n\n<div class=\"wp-block-column is-vertically-aligned-center is-layout-flow wp-block-column-is-layout-flow\">\n<figure class=\"wp-block-image size-full\"><a href=\" Poniendo en relieve el rol cada vez m\u00e1s protag\u00f3nico de las tecnolog\u00edas inmersivas, esta ofrece una recreaci\u00f3n mediante realidad aumentada del fen\u00f3meno que dio origen al popular cementerio de asteroides conocido como Campo del Cielo.\" target=\"_blank\" rel=\"noreferrer noopener\"><img loading=\"lazy\" decoding=\"async\" width=\"275\" height=\"88\" src=\"https:\/\/virtualmente.org\/wp-content\/uploads\/2024\/09\/norte.png\" alt=\"\" class=\"wp-image-1354\"\/><\/a><\/figure>\n<\/div>\n<\/div>\n\n\n\n<div class=\"wp-block-columns alignwide prensa is-layout-flex wp-container-core-columns-is-layout-b0bab6eb wp-block-columns-is-layout-flex\" style=\"margin-top:var(--wp--preset--spacing--40);margin-bottom:var(--wp--preset--spacing--40)\">\n<div class=\"wp-block-column is-layout-flow wp-block-column-is-layout-flow\" style=\"flex-basis:200px\"><div class=\"wp-block-image\">\n<figure class=\"aligncenter size-thumbnail\"><a href=\"https:\/\/ar.radiocut.fm\/audiocut\/video-en-360deg-y-realidad-virtual-o-aumentada-nos-obligan-a-repensar-todo\/\" target=\"_blank\" rel=\"noreferrer noopener\"><img loading=\"lazy\" decoding=\"async\" width=\"150\" height=\"150\" src=\"https:\/\/virtualmente.org\/wp-content\/uploads\/2024\/09\/6dba6df4-7b56-4969-87eb-cda9188adbc7-150x150.png\" alt=\"\" class=\"wp-image-1393\" srcset=\"https:\/\/virtualmente.org\/wp-content\/uploads\/2024\/09\/6dba6df4-7b56-4969-87eb-cda9188adbc7-150x150.png 150w, https:\/\/virtualmente.org\/wp-content\/uploads\/2024\/09\/6dba6df4-7b56-4969-87eb-cda9188adbc7-300x300.png 300w, https:\/\/virtualmente.org\/wp-content\/uploads\/2024\/09\/6dba6df4-7b56-4969-87eb-cda9188adbc7-460x460.png 460w, https:\/\/virtualmente.org\/wp-content\/uploads\/2024\/09\/6dba6df4-7b56-4969-87eb-cda9188adbc7-230x230.png 230w, https:\/\/virtualmente.org\/wp-content\/uploads\/2024\/09\/6dba6df4-7b56-4969-87eb-cda9188adbc7-160x160.png 160w, https:\/\/virtualmente.org\/wp-content\/uploads\/2024\/09\/6dba6df4-7b56-4969-87eb-cda9188adbc7.png 512w\" sizes=\"auto, (max-width: 150px) 100vw, 150px\" \/><\/a><\/figure><\/div><\/div>\n\n\n\n<div class=\"wp-block-column is-vertically-aligned-center is-layout-flow wp-block-column-is-layout-flow\"><div class=\"wp-block-image fondo-claro ticss-b4a85ce1\">\n<figure class=\"alignleft size-full\"><a href=\"https:\/\/www.lahoradesalta.com.ar\/2024\/07\/16\/en-jujuy-convocan-a-conocer-y-aprender-sobre-la-tecnologia-inmersiva-y-sus-diferentes-aplicaciones\/\" target=\"_blank\" rel=\"noreferrer noopener\"><img loading=\"lazy\" decoding=\"async\" width=\"354\" height=\"52\" src=\"https:\/\/virtualmente.org\/wp-content\/uploads\/2024\/09\/lhs_1_transparent.webp\" alt=\"\" class=\"wp-image-1424 fondo-claro\" srcset=\"https:\/\/virtualmente.org\/wp-content\/uploads\/2024\/09\/lhs_1_transparent.webp 354w, https:\/\/virtualmente.org\/wp-content\/uploads\/2024\/09\/lhs_1_transparent-300x44.webp 300w\" sizes=\"auto, (max-width: 354px) 100vw, 354px\" \/><\/a><\/figure><\/div><\/div>\n\n\n\n<div class=\"wp-block-column is-layout-flow wp-block-column-is-layout-flow\"><\/div>\n\n\n\n<div class=\"wp-block-column is-layout-flow wp-block-column-is-layout-flow\"><\/div>\n\n\n\n<div class=\"wp-block-column is-layout-flow wp-block-column-is-layout-flow\"><\/div>\n<\/div>\n<\/div><\/div>\n","protected":false},"excerpt":{"rendered":"","protected":false},"author":1,"featured_media":0,"parent":0,"menu_order":0,"comment_status":"closed","ping_status":"closed","template":"","meta":{"_themeisle_gutenberg_block_has_review":false,"footnotes":""},"class_list":["post-366","page","type-page","status-publish","hentry"],"_links":{"self":[{"href":"https:\/\/virtualmente.org\/index.php\/wp-json\/wp\/v2\/pages\/366","targetHints":{"allow":["GET"]}}],"collection":[{"href":"https:\/\/virtualmente.org\/index.php\/wp-json\/wp\/v2\/pages"}],"about":[{"href":"https:\/\/virtualmente.org\/index.php\/wp-json\/wp\/v2\/types\/page"}],"author":[{"embeddable":true,"href":"https:\/\/virtualmente.org\/index.php\/wp-json\/wp\/v2\/users\/1"}],"replies":[{"embeddable":true,"href":"https:\/\/virtualmente.org\/index.php\/wp-json\/wp\/v2\/comments?post=366"}],"version-history":[{"count":38,"href":"https:\/\/virtualmente.org\/index.php\/wp-json\/wp\/v2\/pages\/366\/revisions"}],"predecessor-version":[{"id":1443,"href":"https:\/\/virtualmente.org\/index.php\/wp-json\/wp\/v2\/pages\/366\/revisions\/1443"}],"wp:attachment":[{"href":"https:\/\/virtualmente.org\/index.php\/wp-json\/wp\/v2\/media?parent=366"}],"curies":[{"name":"wp","href":"https:\/\/api.w.org\/{rel}","templated":true}]}}