{"id":31,"date":"2023-12-14T17:35:29","date_gmt":"2023-12-14T20:35:29","guid":{"rendered":"https:\/\/virtualmente.org\/?page_id=31"},"modified":"2025-11-18T13:17:21","modified_gmt":"2025-11-18T16:17:21","slug":"contact","status":"publish","type":"page","link":"https:\/\/virtualmente.org\/index.php\/contact\/","title":{"rendered":"Contact"},"content":{"rendered":"\n<div class=\"wp-block-cover alignfull is-light container no-alignfull\"><span aria-hidden=\"true\" class=\"wp-block-cover__background has-background-color-background-color has-background-dim-100 has-background-dim\"><\/span><div class=\"wp-block-cover__inner-container is-layout-flow wp-block-cover-is-layout-flow\">\n<div class=\"wp-block-group container is-content-justification-center is-nowrap is-layout-flex wp-container-core-group-is-layout-23441af8 wp-block-group-is-layout-flex\">\n<div class=\"wp-block-media-text is-stacked-on-mobile is-vertically-aligned-center is-image-fill card-shadow my-3 has-white-background-color has-background\" style=\"grid-template-columns:47% auto\"><figure class=\"wp-block-media-text__media\" style=\"background-image:url(https:\/\/virtualmente.org\/wp-content\/uploads\/2024\/08\/1-3-de-24.jpg);background-position:48% 8%\"><img loading=\"lazy\" decoding=\"async\" width=\"667\" height=\"1000\" src=\"https:\/\/virtualmente.org\/wp-content\/uploads\/2024\/08\/1-3-de-24.jpg\" alt=\"\" class=\"wp-image-967 size-full\" srcset=\"https:\/\/virtualmente.org\/wp-content\/uploads\/2024\/08\/1-3-de-24.jpg 667w, https:\/\/virtualmente.org\/wp-content\/uploads\/2024\/08\/1-3-de-24-600x900.jpg 600w, https:\/\/virtualmente.org\/wp-content\/uploads\/2024\/08\/1-3-de-24-200x300.jpg 200w\" sizes=\"auto, (max-width: 667px) 100vw, 667px\" \/><\/figure><div class=\"wp-block-media-text__content\">\n<h1 class=\"wp-block-heading\">Sebasti\u00e1n Serantes<\/h1>\n\n\n\n<h5 class=\"wp-block-heading\">CREADOR DE VIRTUALMENTE<\/h5>\n\n\n\n<p>Profesor de Historia, trabajador de prensa, programador y pionero en el desarrollo de contenidos de realidad extendida, docente en la c\u00e1tedra de Periodismo Inmersivo de la Especializaci\u00f3n en Comunicaci\u00f3n Convergente del ISER.\u00a0<\/p>\n\n\n\n<p>En 2016, fund\u00e9 <em>Virtualmente<\/em>, un proyecto dedicado a la exploraci\u00f3n del universo de las tecnolog\u00edas inmersivas. Desde entonces, he participado en exposiciones de proyecci\u00f3n nacional, he ofrecido talleres y he trabajado en colaboraci\u00f3n con empresas internacionales.<br><\/p>\n\n\n\n<p>Como artista digital y experimentador busco permanentemente nuevos desaf\u00edos y herramientas para el desarrollo de contenidos que inviten a jugar, imaginar y promover la ciencia como camino hacia una mejor humanidad.<\/p>\n\n\n\n<p>Actualmente, tambi\u00e9n me desempe\u00f1o como docente de la c\u00e1tedra de Tecnolog\u00edas Inmersivas en el ISER \u2013 Instituto Superior de Ense\u00f1anza Radiof\u00f3nica.<\/p>\n<\/div><\/div>\n<\/div>\n\n\n\n<div class=\"wp-block-group container is-layout-flex wp-block-group-is-layout-flex\">\n<div class=\"wp-block-group contacto-caja is-nowrap is-layout-flex wp-container-core-group-is-layout-6c531013 wp-block-group-is-layout-flex\">\n<h6 class=\"wp-block-heading\"><a href=\"mailto:info@virtualmente.org\" target=\"_blank\" rel=\"noreferrer noopener\"><i class=\"fa-regular fa-envelope\"><\/i>\ninfo@virtualmente.org<\/a><\/h6>\n<\/div>\n\n\n\n<div class=\"wp-block-group contacto-caja is-nowrap is-layout-flex wp-container-core-group-is-layout-6c531013 wp-block-group-is-layout-flex\">\n<h6 class=\"wp-block-heading\"><a href=\"mailto:info@virtualmente.org\" target=\"_blank\" rel=\"noreferrer noopener\"><i class=\"fa-brands fa-instagram\"><\/i> virtualmente_di\n<\/a><\/h6>\n<\/div>\n\n\n\n<div class=\"wp-block-group contacto-caja is-nowrap is-layout-flex wp-container-core-group-is-layout-6c531013 wp-block-group-is-layout-flex\">\n<h6 class=\"wp-block-heading\"><a href=\"https:\/\/www.youtube.com\/@virtualmentedesarrollosinm8210\" target=\"_blank\" rel=\"noreferrer noopener\"><i class=\"fa-brands fa-youtube\"><\/i>\n@virtualmentedesarrollosinm8210<\/a><\/h6>\n<\/div>\n\n\n\n<div class=\"wp-block-group contacto-caja is-nowrap is-layout-flex wp-container-core-group-is-layout-6c531013 wp-block-group-is-layout-flex\">\n<h6 class=\"wp-block-heading\"><a href=\"https:\/\/play.google.com\/store\/apps\/developer?id=Virtualmente\" target=\"_blank\" rel=\"noreferrer noopener\"> <i class=\"fa-brands fa-google-pay\"><\/i> Google Play \nVirtualmente<\/a><\/h6>\n<\/div>\n\n\n\n<div class=\"wp-block-group contacto-caja is-nowrap is-layout-flex wp-container-core-group-is-layout-6c531013 wp-block-group-is-layout-flex\">\n<h6 class=\"wp-block-heading\"><a href=\"https:\/\/www.meta.com\/experiences\/pcvr\/2225929820787341\/\" target=\"_blank\" rel=\"noreferrer noopener\">\n<i class=\"fa-brands fa-meta\"><\/i>\n Meta Virtualmente<\/a><\/h6>\n<\/div>\n<\/div>\n<\/div><\/div>\n","protected":false},"excerpt":{"rendered":"","protected":false},"author":1,"featured_media":0,"parent":0,"menu_order":0,"comment_status":"closed","ping_status":"closed","template":"page-templates\/template-pagebuilder-full-width.php","meta":{"_themeisle_gutenberg_block_has_review":false,"footnotes":""},"class_list":["post-31","page","type-page","status-publish","hentry"],"_links":{"self":[{"href":"https:\/\/virtualmente.org\/index.php\/wp-json\/wp\/v2\/pages\/31","targetHints":{"allow":["GET"]}}],"collection":[{"href":"https:\/\/virtualmente.org\/index.php\/wp-json\/wp\/v2\/pages"}],"about":[{"href":"https:\/\/virtualmente.org\/index.php\/wp-json\/wp\/v2\/types\/page"}],"author":[{"embeddable":true,"href":"https:\/\/virtualmente.org\/index.php\/wp-json\/wp\/v2\/users\/1"}],"replies":[{"embeddable":true,"href":"https:\/\/virtualmente.org\/index.php\/wp-json\/wp\/v2\/comments?post=31"}],"version-history":[{"count":78,"href":"https:\/\/virtualmente.org\/index.php\/wp-json\/wp\/v2\/pages\/31\/revisions"}],"predecessor-version":[{"id":1360,"href":"https:\/\/virtualmente.org\/index.php\/wp-json\/wp\/v2\/pages\/31\/revisions\/1360"}],"wp:attachment":[{"href":"https:\/\/virtualmente.org\/index.php\/wp-json\/wp\/v2\/media?parent=31"}],"curies":[{"name":"wp","href":"https:\/\/api.w.org\/{rel}","templated":true}]}}