{"id":30,"date":"2023-12-14T17:35:29","date_gmt":"2023-12-14T20:35:29","guid":{"rendered":"https:\/\/virtualmente.org\/?page_id=30"},"modified":"2025-11-18T13:17:21","modified_gmt":"2025-11-18T16:17:21","slug":"home","status":"publish","type":"page","link":"https:\/\/virtualmente.org\/","title":{"rendered":"Home"},"content":{"rendered":"\n<div class=\"wp-block-group my-6 is-vertical is-layout-flex wp-container-core-group-is-layout-fe9cc265 wp-block-group-is-layout-flex\">\n<div class=\"wp-block-group\"><div class=\"wp-block-group__inner-container is-layout-constrained wp-block-group-is-layout-constrained\">\n<div class=\"wp-block-columns container my-6 is-layout-flex wp-container-core-columns-is-layout-28f84493 wp-block-columns-is-layout-flex\">\n<div class=\"wp-block-column col-md-5 is-layout-flow wp-block-column-is-layout-flow\">\n<div class=\"wp-block-group is-nowrap is-layout-flex wp-container-core-group-is-layout-6c531013 wp-block-group-is-layout-flex\">\n<figure class=\"wp-block-image size-full is-resized is-style-default\"><img loading=\"lazy\" decoding=\"async\" width=\"222\" height=\"206\" src=\"https:\/\/virtualmente.org\/wp-content\/uploads\/2023\/12\/COLLEGE.webp\" alt=\"\" class=\"wp-image-151\" style=\"width:80px\"\/><\/figure>\n\n\n\n<figure class=\"wp-block-image size-full is-resized\"><img loading=\"lazy\" decoding=\"async\" width=\"320\" height=\"252\" src=\"https:\/\/virtualmente.org\/wp-content\/uploads\/2023\/12\/UFH_winners_laurels_UFH-Laurels-ES-2021.webp\" alt=\"\" class=\"wp-image-161\" style=\"width:80px\" srcset=\"https:\/\/virtualmente.org\/wp-content\/uploads\/2023\/12\/UFH_winners_laurels_UFH-Laurels-ES-2021.webp 320w, https:\/\/virtualmente.org\/wp-content\/uploads\/2023\/12\/UFH_winners_laurels_UFH-Laurels-ES-2021-300x236.webp 300w\" sizes=\"auto, (max-width: 320px) 100vw, 320px\" \/><\/figure>\n<\/div>\n\n\n\n<h6 class=\"wp-block-heading tag mt-3\">Experciencia destacada<\/h6>\n\n\n\n<h2 class=\"wp-block-heading m-0\">Origen<\/h2>\n\n\n\n<p class=\"color-claro\">Desarrollo VR para estudio Presencias.<br>Una experiencia inmersiva que invita a sumergirse en las memorias colectivas del pueblo Shipibo.<\/p>\n\n\n\n<div class=\"wp-block-buttons my-3 is-nowrap is-layout-flex wp-container-core-buttons-is-layout-6c531013 wp-block-buttons-is-layout-flex\">\n<div class=\"wp-block-button\"><a class=\"wp-block-button__link wp-element-button\" href=\"https:\/\/virtualmente.org\/index.php\/2024\/08\/14\/origen\/\">Conoc\u00e9 esta experiencia<\/a><\/div>\n<\/div>\n\n\n\n<p><\/p>\n<\/div>\n\n\n\n<div class=\"wp-block-column col-md-6 col-md-offset1 is-layout-flow wp-block-column-is-layout-flow\">\n<figure class=\"wp-block-embed is-type-video is-provider-youtube wp-block-embed-youtube wp-embed-aspect-16-9 wp-has-aspect-ratio\"><div class=\"wp-block-embed__wrapper\">\n<iframe loading=\"lazy\" title=\"BIFAN 2024 | XR | \uc624\ub9ac\uc9c4 Origen Trailer\" width=\"750\" height=\"422\" src=\"https:\/\/www.youtube.com\/embed\/64wmoqQ-4bQ?feature=oembed\" frameborder=\"0\" allow=\"accelerometer; autoplay; clipboard-write; encrypted-media; gyroscope; picture-in-picture; web-share\" referrerpolicy=\"strict-origin-when-cross-origin\" allowfullscreen><\/iframe>\n<\/div><\/figure>\n<\/div>\n<\/div>\n<\/div><\/div>\n<\/div>\n\n\n\n<div class=\"wp-block-cover alignfull hestia-clear-top-padding main\"><span aria-hidden=\"true\" class=\"wp-block-cover__background has-white-background-color has-background-dim-100 has-background-dim\"><\/span><div class=\"wp-block-cover__inner-container is-layout-flow wp-block-cover-is-layout-flow\">\n<h2 class=\"wp-block-heading has-text-align-center container d-flex py-60 justify-center w-100 has-white-color has-text-color\">\u00daltimos desarrollos<\/h2>\n\n\n\n<p><\/p>\n\n\n<ul class=\"wp-block-latest-posts__list is-grid columns-3 entradas container desarrollos animated fadeIn delay-200ms wp-block-latest-posts\"><li><div class=\"wp-block-latest-posts__featured-image\"><a href=\"https:\/\/virtualmente.org\/index.php\/2025\/09\/27\/guardianes-de-las-esculturas\/\" aria-label=\"Guardianes de las Esculturas\"><img loading=\"lazy\" decoding=\"async\" width=\"320\" height=\"260\" src=\"https:\/\/virtualmente.org\/wp-content\/uploads\/2025\/09\/imagen-1.png\" class=\"attachment-large size-large wp-post-image\" alt=\"\" style=\"\" srcset=\"https:\/\/virtualmente.org\/wp-content\/uploads\/2025\/09\/imagen-1.png 320w, https:\/\/virtualmente.org\/wp-content\/uploads\/2025\/09\/imagen-1-300x244.png 300w\" sizes=\"auto, (max-width: 320px) 100vw, 320px\" \/><\/a><\/div><a class=\"wp-block-latest-posts__post-title\" href=\"https:\/\/virtualmente.org\/index.php\/2025\/09\/27\/guardianes-de-las-esculturas\/\">Guardianes de las Esculturas<\/a><\/li>\n<li><div class=\"wp-block-latest-posts__featured-image\"><a href=\"https:\/\/virtualmente.org\/index.php\/2024\/08\/29\/tango-molas\/\" aria-label=\"Tango Molas\"><img loading=\"lazy\" decoding=\"async\" width=\"320\" height=\"260\" src=\"https:\/\/virtualmente.org\/wp-content\/uploads\/2024\/08\/molas-1.png\" class=\"attachment-large size-large wp-post-image\" alt=\"\" style=\"\" srcset=\"https:\/\/virtualmente.org\/wp-content\/uploads\/2024\/08\/molas-1.png 320w, https:\/\/virtualmente.org\/wp-content\/uploads\/2024\/08\/molas-1-300x244.png 300w\" sizes=\"auto, (max-width: 320px) 100vw, 320px\" \/><\/a><\/div><a class=\"wp-block-latest-posts__post-title\" href=\"https:\/\/virtualmente.org\/index.php\/2024\/08\/29\/tango-molas\/\">Tango Molas<\/a><\/li>\n<li><div class=\"wp-block-latest-posts__featured-image\"><a href=\"https:\/\/virtualmente.org\/index.php\/2024\/08\/14\/origen\/\" aria-label=\"Origen\"><img loading=\"lazy\" decoding=\"async\" width=\"750\" height=\"609\" src=\"https:\/\/virtualmente.org\/wp-content\/uploads\/2024\/08\/origen2.png\" class=\"attachment-large size-large wp-post-image\" alt=\"\" style=\"\" srcset=\"https:\/\/virtualmente.org\/wp-content\/uploads\/2024\/08\/origen2.png 960w, https:\/\/virtualmente.org\/wp-content\/uploads\/2024\/08\/origen2-300x244.png 300w, https:\/\/virtualmente.org\/wp-content\/uploads\/2024\/08\/origen2-768x624.png 768w, https:\/\/virtualmente.org\/wp-content\/uploads\/2024\/08\/origen2-600x488.png 600w\" sizes=\"auto, (max-width: 750px) 100vw, 750px\" \/><\/a><\/div><a class=\"wp-block-latest-posts__post-title\" href=\"https:\/\/virtualmente.org\/index.php\/2024\/08\/14\/origen\/\">Origen<\/a><\/li>\n<li><div class=\"wp-block-latest-posts__featured-image\"><a href=\"https:\/\/virtualmente.org\/index.php\/2024\/01\/08\/el-secreto-ar\/\" aria-label=\"El secreto AR\"><img loading=\"lazy\" decoding=\"async\" width=\"320\" height=\"260\" src=\"https:\/\/virtualmente.org\/wp-content\/uploads\/2024\/01\/Frame-40248.png\" class=\"attachment-large size-large wp-post-image\" alt=\"\" style=\"\" srcset=\"https:\/\/virtualmente.org\/wp-content\/uploads\/2024\/01\/Frame-40248.png 320w, https:\/\/virtualmente.org\/wp-content\/uploads\/2024\/01\/Frame-40248-300x244.png 300w\" sizes=\"auto, (max-width: 320px) 100vw, 320px\" \/><\/a><\/div><a class=\"wp-block-latest-posts__post-title\" href=\"https:\/\/virtualmente.org\/index.php\/2024\/01\/08\/el-secreto-ar\/\">El secreto AR<\/a><\/li>\n<li><div class=\"wp-block-latest-posts__featured-image\"><a href=\"https:\/\/virtualmente.org\/index.php\/2023\/12\/31\/campo-del-cielo-ar\/\" aria-label=\"Campo Del Cielo AR\"><img loading=\"lazy\" decoding=\"async\" width=\"320\" height=\"260\" src=\"https:\/\/virtualmente.org\/wp-content\/uploads\/2023\/12\/9.png\" class=\"attachment-large size-large wp-post-image\" alt=\"\" style=\"\" srcset=\"https:\/\/virtualmente.org\/wp-content\/uploads\/2023\/12\/9.png 320w, https:\/\/virtualmente.org\/wp-content\/uploads\/2023\/12\/9-300x244.png 300w\" sizes=\"auto, (max-width: 320px) 100vw, 320px\" \/><\/a><\/div><a class=\"wp-block-latest-posts__post-title\" href=\"https:\/\/virtualmente.org\/index.php\/2023\/12\/31\/campo-del-cielo-ar\/\">Campo Del Cielo AR<\/a><\/li>\n<li><div class=\"wp-block-latest-posts__featured-image\"><a href=\"https:\/\/virtualmente.org\/index.php\/2023\/12\/17\/lagrimas-de-sol\/\" aria-label=\"L\u00e1grimas de Sol\"><img loading=\"lazy\" decoding=\"async\" width=\"320\" height=\"260\" src=\"https:\/\/virtualmente.org\/wp-content\/uploads\/2023\/12\/lds2.png\" class=\"attachment-large size-large wp-post-image\" alt=\"\" style=\"\" srcset=\"https:\/\/virtualmente.org\/wp-content\/uploads\/2023\/12\/lds2.png 320w, https:\/\/virtualmente.org\/wp-content\/uploads\/2023\/12\/lds2-300x244.png 300w\" sizes=\"auto, (max-width: 320px) 100vw, 320px\" \/><\/a><\/div><a class=\"wp-block-latest-posts__post-title\" href=\"https:\/\/virtualmente.org\/index.php\/2023\/12\/17\/lagrimas-de-sol\/\">L\u00e1grimas de Sol<\/a><\/li>\n<li><div class=\"wp-block-latest-posts__featured-image\"><a href=\"https:\/\/virtualmente.org\/index.php\/2023\/12\/16\/paicorman-mision-calcio\/\" aria-label=\"Paicorman Misi\u00f3n Calcio\"><img loading=\"lazy\" decoding=\"async\" width=\"320\" height=\"260\" src=\"https:\/\/virtualmente.org\/wp-content\/uploads\/2023\/12\/paicor.png\" class=\"attachment-large size-large wp-post-image\" alt=\"\" style=\"\" srcset=\"https:\/\/virtualmente.org\/wp-content\/uploads\/2023\/12\/paicor.png 320w, https:\/\/virtualmente.org\/wp-content\/uploads\/2023\/12\/paicor-300x244.png 300w\" sizes=\"auto, (max-width: 320px) 100vw, 320px\" \/><\/a><\/div><a class=\"wp-block-latest-posts__post-title\" href=\"https:\/\/virtualmente.org\/index.php\/2023\/12\/16\/paicorman-mision-calcio\/\">Paicorman Misi\u00f3n Calcio<\/a><\/li>\n<\/ul><\/div><\/div>\n\n\n\n<section class=\"wp-block-cover\"><img loading=\"lazy\" decoding=\"async\" width=\"768\" height=\"432\" class=\"wp-block-cover__image-background wp-image-1405\" alt=\"\" src=\"https:\/\/virtualmente.org\/wp-content\/uploads\/2024\/09\/75245820_535770723647922_9085802473427304448_n-2-768x432-2.jpg\" data-object-fit=\"cover\" srcset=\"https:\/\/virtualmente.org\/wp-content\/uploads\/2024\/09\/75245820_535770723647922_9085802473427304448_n-2-768x432-2.jpg 768w, https:\/\/virtualmente.org\/wp-content\/uploads\/2024\/09\/75245820_535770723647922_9085802473427304448_n-2-768x432-2-300x169.jpg 300w, https:\/\/virtualmente.org\/wp-content\/uploads\/2024\/09\/75245820_535770723647922_9085802473427304448_n-2-768x432-2-600x338.jpg 600w\" sizes=\"auto, (max-width: 768px) 100vw, 768px\" \/><span aria-hidden=\"true\" class=\"wp-block-cover__background has-black-background-color has-background-dim\"><\/span><div class=\"wp-block-cover__inner-container is-layout-constrained wp-block-cover-is-layout-constrained\">\n<div class=\"wp-block-columns container my-6 is-layout-flex wp-container-core-columns-is-layout-28f84493 wp-block-columns-is-layout-flex\">\n<div class=\"wp-block-column col-md-5 is-layout-flow wp-block-column-is-layout-flow\">\n<h6 class=\"wp-block-heading tag mt-3\">Experciencia de autor<\/h6>\n\n\n\n<h2 class=\"wp-block-heading m-0\">L\u00e1grimas de sol<\/h2>\n\n\n\n<p class=\"color-claro\">Una experiencia de realidad virtual que retrata la lluvia de meteoritos ocurrida hace 4 mil a\u00f1os en la provincia de Chaco.<\/p>\n\n\n\n<div class=\"wp-block-buttons my-3 is-nowrap is-layout-flex wp-container-core-buttons-is-layout-6c531013 wp-block-buttons-is-layout-flex\">\n<div class=\"wp-block-button\"><a class=\"wp-block-button__link wp-element-button\" href=\"https:\/\/virtualmente.org\/index.php\/2024\/08\/14\/origen\/\">Conoc\u00e9 esta experiencia<\/a><\/div>\n\n\n\n<div class=\"wp-block-button\"><a class=\"wp-block-button__link wp-element-button\" href=\"https:\/\/virtualmente.org\/index.php\/2024\/08\/14\/origen\/\"><i class=\"fa-brands fa-meta\"><\/i> Disponible en meta<\/a><\/div>\n<\/div>\n\n\n\n<p><\/p>\n<\/div>\n\n\n\n<div class=\"wp-block-column col-md-6 col-md-offset1 is-layout-flow wp-block-column-is-layout-flow\">\n<figure class=\"wp-block-embed is-type-video is-provider-youtube wp-block-embed-youtube wp-embed-aspect-16-9 wp-has-aspect-ratio\"><div class=\"wp-block-embed__wrapper\">\n<iframe loading=\"lazy\" title=\"LDS - Oculus Quest\" width=\"750\" height=\"422\" src=\"https:\/\/www.youtube.com\/embed\/k-o9AJVgieQ?feature=oembed\" frameborder=\"0\" allow=\"accelerometer; autoplay; clipboard-write; encrypted-media; gyroscope; picture-in-picture; web-share\" referrerpolicy=\"strict-origin-when-cross-origin\" allowfullscreen><\/iframe>\n<\/div><\/figure>\n<\/div>\n<\/div>\n<\/div><\/section>\n\n\n\n<div class=\"wp-block-cover alignfull hestia-clear-top-padding main\"><span aria-hidden=\"true\" class=\"wp-block-cover__background has-white-background-color has-background-dim-100 has-background-dim\"><\/span><div class=\"wp-block-cover__inner-container is-layout-flow wp-block-cover-is-layout-flow\">\n<h2 class=\"wp-block-heading has-text-align-center container d-flex py-60 justify-center w-100 has-white-color has-text-color\">Actividades<\/h2>\n\n\n<ul class=\"wp-block-latest-posts__list is-grid columns-3 entradas container desarrollos wp-block-latest-posts\"><li><div class=\"wp-block-latest-posts__featured-image\"><a href=\"https:\/\/virtualmente.org\/index.php\/2024\/09\/17\/virtuality-rally-xr-jujuy\/\" aria-label=\"Virtuality Rally XR Jujuy\"><img loading=\"lazy\" decoding=\"async\" width=\"750\" height=\"771\" src=\"https:\/\/virtualmente.org\/wp-content\/uploads\/2024\/09\/Captura-de-pantalla-2024-09-17-a-las-11.22.43\u202fp.-m-996x1024.png\" class=\"attachment-large size-large wp-post-image\" alt=\"\" style=\"\" srcset=\"https:\/\/virtualmente.org\/wp-content\/uploads\/2024\/09\/Captura-de-pantalla-2024-09-17-a-las-11.22.43\u202fp.-m-996x1024.png 996w, https:\/\/virtualmente.org\/wp-content\/uploads\/2024\/09\/Captura-de-pantalla-2024-09-17-a-las-11.22.43\u202fp.-m-292x300.png 292w, https:\/\/virtualmente.org\/wp-content\/uploads\/2024\/09\/Captura-de-pantalla-2024-09-17-a-las-11.22.43\u202fp.-m-768x789.png 768w, https:\/\/virtualmente.org\/wp-content\/uploads\/2024\/09\/Captura-de-pantalla-2024-09-17-a-las-11.22.43\u202fp.-m-600x617.png 600w, https:\/\/virtualmente.org\/wp-content\/uploads\/2024\/09\/Captura-de-pantalla-2024-09-17-a-las-11.22.43\u202fp.-m.png 1216w\" sizes=\"auto, (max-width: 750px) 100vw, 750px\" \/><\/a><\/div><a class=\"wp-block-latest-posts__post-title\" href=\"https:\/\/virtualmente.org\/index.php\/2024\/09\/17\/virtuality-rally-xr-jujuy\/\">Virtuality Rally XR Jujuy<\/a><div class=\"wp-block-latest-posts__post-excerpt\">El s\u00e1bado 14 de septiembre concluy\u00f3 el Taller de Tecnolog\u00eda XR, organizado por el Instituto de Artes Audiovisuales de Jujuy en conjunto con la embajada de Francia y la empresa francesa Virtuality, con la colaboraci\u00f3n de la empresa Juje\u00f1a Gaudileo y la direcci\u00f3n de Econom\u00eda del Conocimiento del Ministerio de [&hellip;]<\/div><\/li>\n<li><div class=\"wp-block-latest-posts__featured-image\"><a href=\"https:\/\/virtualmente.org\/index.php\/2024\/09\/03\/laboratorio-de-tecnologia-xr-en-jujuy\/\" aria-label=\"Laboratorio de Tecnolog\u00eda XR en Jujuy\"><img loading=\"lazy\" decoding=\"async\" width=\"750\" height=\"613\" src=\"https:\/\/virtualmente.org\/wp-content\/uploads\/2024\/09\/Captura-de-pantalla-2024-09-03-a-las-23.11.28.png\" class=\"attachment-large size-large wp-post-image\" alt=\"\" style=\"\" srcset=\"https:\/\/virtualmente.org\/wp-content\/uploads\/2024\/09\/Captura-de-pantalla-2024-09-03-a-las-23.11.28.png 908w, https:\/\/virtualmente.org\/wp-content\/uploads\/2024\/09\/Captura-de-pantalla-2024-09-03-a-las-23.11.28-300x245.png 300w, https:\/\/virtualmente.org\/wp-content\/uploads\/2024\/09\/Captura-de-pantalla-2024-09-03-a-las-23.11.28-768x628.png 768w, https:\/\/virtualmente.org\/wp-content\/uploads\/2024\/09\/Captura-de-pantalla-2024-09-03-a-las-23.11.28-600x490.png 600w\" sizes=\"auto, (max-width: 750px) 100vw, 750px\" \/><\/a><\/div><a class=\"wp-block-latest-posts__post-title\" href=\"https:\/\/virtualmente.org\/index.php\/2024\/09\/03\/laboratorio-de-tecnologia-xr-en-jujuy\/\">Laboratorio de Tecnolog\u00eda XR en Jujuy<\/a><div class=\"wp-block-latest-posts__post-excerpt\">El Instituto de Artes Audiovisuales a trav\u00e9s de la Direcci\u00f3n de Fomento y Promoci\u00f3n Audiovisual y en conjunto con Virtuality Latam, lanza la convocatoria para la segunda edici\u00f3n del \u201cLaboratorio de Tecnolog\u00eda XR\u201d Se trata de un laboratorio de ense\u00f1anza inmersiva con grandes especialistas que le permitir\u00e1n a los participantes [&hellip;]<\/div><\/li>\n<li><div class=\"wp-block-latest-posts__featured-image\"><a href=\"https:\/\/virtualmente.org\/index.php\/2024\/07\/14\/improve-him-believe-opinion-offered\/\" aria-label=\"Talleres XR En Chaco\"><img loading=\"lazy\" decoding=\"async\" width=\"750\" height=\"750\" src=\"https:\/\/virtualmente.org\/wp-content\/uploads\/2023\/12\/bbx_439940698_6_20230721_164136-1.jpg\" class=\"attachment-large size-large wp-post-image\" alt=\"\" style=\"\" srcset=\"https:\/\/virtualmente.org\/wp-content\/uploads\/2023\/12\/bbx_439940698_6_20230721_164136-1.jpg 800w, https:\/\/virtualmente.org\/wp-content\/uploads\/2023\/12\/bbx_439940698_6_20230721_164136-1-230x230.jpg 230w, https:\/\/virtualmente.org\/wp-content\/uploads\/2023\/12\/bbx_439940698_6_20230721_164136-1-160x160.jpg 160w, https:\/\/virtualmente.org\/wp-content\/uploads\/2023\/12\/bbx_439940698_6_20230721_164136-1-600x600.jpg 600w, https:\/\/virtualmente.org\/wp-content\/uploads\/2023\/12\/bbx_439940698_6_20230721_164136-1-300x300.jpg 300w, https:\/\/virtualmente.org\/wp-content\/uploads\/2023\/12\/bbx_439940698_6_20230721_164136-1-150x150.jpg 150w, https:\/\/virtualmente.org\/wp-content\/uploads\/2023\/12\/bbx_439940698_6_20230721_164136-1-768x768.jpg 768w\" sizes=\"auto, (max-width: 750px) 100vw, 750px\" \/><\/a><\/div><a class=\"wp-block-latest-posts__post-title\" href=\"https:\/\/virtualmente.org\/index.php\/2024\/07\/14\/improve-him-believe-opinion-offered\/\">Talleres XR En Chaco<\/a><div class=\"wp-block-latest-posts__post-excerpt\">Participamos de la Residencia XR llevada adelante por Virtuality en Chaco. Invitados por Virtuality, tuvimos el honor de compartir tutor\u00edas junto a referentes del periodismo y las nuevas tecnolog\u00edas como&nbsp;Maximiliano Firtman, Ramiro San Honorio, Ariel Azcurra, Mart\u00edn Rabaglia, Andr\u00e9s Alarc\u00f3n, Martiniano Caballieri, Ramiro Alvarez, Desir\u00e9e Jaimovich, Sebasti\u00e1n Serantes, Gala Cacchione, [&hellip;]<\/div><\/li>\n<\/ul><\/div><\/div>\n","protected":false},"excerpt":{"rendered":"<p>Experciencia destacada Origen Desarrollo VR para estudio Presencias.Una experiencia inmersiva que invita a sumergirse en las memorias colectivas del pueblo Shipibo.<\/p>\n","protected":false},"author":1,"featured_media":0,"parent":0,"menu_order":0,"comment_status":"closed","ping_status":"closed","template":"","meta":{"_themeisle_gutenberg_block_has_review":false,"footnotes":""},"class_list":["post-30","page","type-page","status-publish","hentry"],"_links":{"self":[{"href":"https:\/\/virtualmente.org\/index.php\/wp-json\/wp\/v2\/pages\/30","targetHints":{"allow":["GET"]}}],"collection":[{"href":"https:\/\/virtualmente.org\/index.php\/wp-json\/wp\/v2\/pages"}],"about":[{"href":"https:\/\/virtualmente.org\/index.php\/wp-json\/wp\/v2\/types\/page"}],"author":[{"embeddable":true,"href":"https:\/\/virtualmente.org\/index.php\/wp-json\/wp\/v2\/users\/1"}],"replies":[{"embeddable":true,"href":"https:\/\/virtualmente.org\/index.php\/wp-json\/wp\/v2\/comments?post=30"}],"version-history":[{"count":129,"href":"https:\/\/virtualmente.org\/index.php\/wp-json\/wp\/v2\/pages\/30\/revisions"}],"predecessor-version":[{"id":1625,"href":"https:\/\/virtualmente.org\/index.php\/wp-json\/wp\/v2\/pages\/30\/revisions\/1625"}],"wp:attachment":[{"href":"https:\/\/virtualmente.org\/index.php\/wp-json\/wp\/v2\/media?parent=30"}],"curies":[{"name":"wp","href":"https:\/\/api.w.org\/{rel}","templated":true}]}}