{"id":1520,"date":"2024-09-26T13:38:08","date_gmt":"2024-09-26T16:38:08","guid":{"rendered":"https:\/\/virtualmente.org\/?page_id=1520"},"modified":"2025-11-18T13:17:21","modified_gmt":"2025-11-18T16:17:21","slug":"politica-de-privacidad-campo-del-cielo-ar","status":"publish","type":"page","link":"https:\/\/virtualmente.org\/index.php\/politica-de-privacidad-campo-del-cielo-ar\/","title":{"rendered":"Pol\u00edtica de Privacidad &#8220;Campo del Cielo AR&#8221;"},"content":{"rendered":"\n<p>La presente\u00a0pol\u00edtica\u00a0de\u00a0privacidad\u00a0establece los t\u00e9rminos\u00a0de\u00a0uso\u00a0de\u00a0la aplicaci\u00f3n\u00a0de\u00a0software (\u201cCampo del Cielo AR\u201d) en un dispositivo m\u00f3vil. Su\u00a0privacidad\u00a0para nosotros es importante, por lo que pasamos a detallar nuestra\u00a0pol\u00edtica\u00a0respecto a la confidencialidad\u00a0de\u00a0su informaci\u00f3n persona. Adem\u00e1s puntualizamos nuestros principios, t\u00e9rminos y condiciones\u00a0de\u00a0uso.<\/p>\n\n\n\n<p>Pol\u00edtica\u00a0de\u00a0Privacidad<br>\u25cf La aplicaci\u00f3n \u201cCampo del Cielo AR\u201d no recopila datos privados, ni se nos enviar\u00e1n autom\u00e1ticamente datos privados\u00a0de\u00a0los y las usuarias.<\/p>\n\n\n\n<p>Uso de la C\u00e1mara<\/p>\n\n\n\n<p>\u25cf La aplicaci\u00f3n \u201cCampo del Cielo AR\u201d, en su primer uso solicitar\u00e1 permiso para utilizar la c\u00e1mara del dispositivo m\u00f3vil, esto es para permitir a la aplicaci\u00f3n posicionar objetos tridimensionales a trav\u00e9s de la c\u00e1mara del visor, sus im\u00e1genes privadas no ser\u00e1n recopiladas por nosotros, ni se nos enviar\u00e1n autom\u00e1ticamente datos privados\u00a0de\u00a0los y las usuarias.<\/p>\n\n\n\n<p>Enlaces a terceros<br>\u25cf La aplicaci\u00f3n \u201cCampo del Cielo AR\u201d puede contener enlaces a sitios\u00a0de\u00a0inter\u00e9s, de encontrarse disponibles enlaces a sitios\u00a0de\u00a0terceras partes, la inclusi\u00f3n\u00a0de\u00a0cualquier v\u00ednculo no implica aprobaci\u00f3n del sitio por parte\u00a0de\u00a0Virtualmente. El uso\u00a0de\u00a0cualquier sitio web vinculado es bajo el propio riesgo del usuario.<br>T\u00e9rminos y Condiciones<br>\u25cf Al acceder a nuestro sitio web Virtualmente.org\/Virtualmente.tech, usted acepta estar sujeto a los T\u00e9rminos y condiciones\u00a0de\u00a0uso\u00a0de\u00a0este sitio web, a todas las leyes y regulaciones aplicables, y acepta que es responsable del cumplimiento\u00a0de\u00a0las leyes locales aplicables. Si no est\u00e1\u00a0de\u00a0acuerdo con alguno\u00a0de\u00a0estos t\u00e9rminos, tiene prohibido usar o acceder a este sitio. Los materiales contenidos en este sitio web est\u00e1n protegidos por las leyes\u00a0de\u00a0derechos\u00a0de\u00a0autor y marcas comerciales aplicables.<br>Licencia\u00a0de\u00a0Uso Sitio Web y Aplicaci\u00f3n<br>\u25cf Se concede permiso para descargar temporalmente una copia\u00a0de\u00a0los materiales (informaci\u00f3n o software) en el sitio web Virtualmente.org \/ Virtualmente.tech y\/o en la aplicaci\u00f3n \u201cCampo del Cielo AR\u201d, para visualizaci\u00f3n transitoria personal y no comercial \u00fanicamente. Esta es la concesi\u00f3n\u00a0de\u00a0una licencia, no una transferencia\u00a0de\u00a0t\u00edtulo, y bajo esta licencia usted no puede: modificar o copiar los materiales; utilizar los materiales para cualquier fin comercial o para cualquier exhibici\u00f3n p\u00fablica (comercial o no comercial) sin autorizaci\u00f3n expresa\u00a0de\u00a0Virtualmente; intentar descompilar o aplicar ingenier\u00eda inversa a cualquier software contenido\u00a0de\u00a0Virtualmente; eliminar cualquier copyright u otras anotaciones\u00a0de\u00a0propiedad\u00a0de\u00a0los materiales; o transferir los materiales a otra persona o \u201creplicar\u201d los materiales en cualquier otro servidor.<br>Esta licencia finalizar\u00e1 autom\u00e1ticamente si usted viola cualquiera\u00a0de\u00a0estas restricciones y Virtualmente podr\u00e1 cancelarla en cualquier momento. Al finalizar la visualizaci\u00f3n\u00a0de\u00a0estos materiales o al finalizar esta licencia, debe destruir cualquier material descargado que tenga en su poder, ya sea en formato electr\u00f3nico o impreso.<br>Descargo\u00a0de\u00a0responsabilidad<br>\u25cf La aplicaci\u00f3n \u201cCampo del Cielo AR\u201d se proporciona \u201ctal cual\u201d. Virtualmente no ofrece garant\u00edas, expresas o impl\u00edcitas, y por la presente renuncia y niega todas las dem\u00e1s garant\u00edas, incluidas, entre otras, las garant\u00edas impl\u00edcitas o condiciones\u00a0de\u00a0comerciabilidad, idoneidad para un prop\u00f3sito particular o no infracci\u00f3n\u00a0de\u00a0propiedad intelectual u otra violaci\u00f3n\u00a0de\u00a0derechos. Adem\u00e1s, Virtualmente no garantiza ni hace ninguna declaraci\u00f3n con respecto a la precisi\u00f3n, los resultados probables o la confiabilidad del uso\u00a0de\u00a0la aplicaci\u00f3n o\u00a0de\u00a0otro modo en relaci\u00f3n con dichos materiales.<br>L\u00edmites<br>\u25cf En ning\u00fan caso, Virtualmente o sus proveedores ser\u00e1n responsables\u00a0de\u00a0los da\u00f1os (incluidos, entre otros, da\u00f1os por p\u00e9rdida\u00a0de\u00a0datos o ganancias, o debido a la interrupci\u00f3n del negocio) que surjan del uso o la imposibilidad\u00a0de\u00a0usar nuestra aplicaci\u00f3n. Debido a que algunas jurisdicciones no permiten limitaciones a las garant\u00edas impl\u00edcitas o limitaciones\u00a0de\u00a0responsabilidad por da\u00f1os consecuentes o incidentales, es posible que estas limitaciones no se apliquen a usted.<\/p>\n\n\n\n<ol start=\"5\" class=\"wp-block-list\">\n<li>Revisiones y erratas<br>\u25cf Los materiales que aparecen en el sitio web Virtualmente.org\/Virtualmente.tech as\u00ed como en la aplicaci\u00f3n El Secreto AR Experiencia Inmersiva podr\u00edan incluir errores t\u00e9cnicos, tipogr\u00e1ficos o fotogr\u00e1ficos. Virtualmente no garantiza que ninguno\u00a0de\u00a0los materiales sea exacto, completo o actual. Virtualmente puede realizar cambios en los materiales contenidos en su sitio web o en sus aplicaciones en cualquier momento sin previo aviso. Sin embargo, Virtualmente no se compromete a actualizar los materiales.<br>Ley aplicable<br>Cualquier reclamo relacionado con el sitio web\u00a0de\u00a0Virtualmente se regir\u00e1 por las leyes\u00a0de\u00a0Argentina sin tener en cuenta sus disposiciones sobre conflicto\u00a0de\u00a0leyes.<br>Modificaciones\u00a0de\u00a0los t\u00e9rminos\u00a0de\u00a0uso del sitio<br>\u25cf Virtualmente puede revisar la\u00a0pol\u00edtica\u00a0de\u00a0privacidad\u00a0y estos t\u00e9rminos\u00a0de\u00a0uso en cualquier momento sin previo aviso. Al utilizar sus aplicaciones o ingresar a su sitio web, usted acepta estar sujeto\/a a la versi\u00f3n vigente en ese momento\u00a0de\u00a0estos T\u00e9rminos y condiciones\u00a0de\u00a0uso.<\/li>\n<\/ol>\n\n\n\n<p>VIRTUALMENTE<br>DESARROLLOS INMERSIVOS<br><a href=\"mailto:info@virtualmente.org\" target=\"_blank\" rel=\"noreferrer noopener\">info@virtualmente.org<\/a><\/p>\n","protected":false},"excerpt":{"rendered":"<p>La presente\u00a0pol\u00edtica\u00a0de\u00a0privacidad\u00a0establece los t\u00e9rminos\u00a0de\u00a0uso\u00a0de\u00a0la aplicaci\u00f3n\u00a0de\u00a0software (\u201cCampo del Cielo AR\u201d) en un dispositivo m\u00f3vil. Su\u00a0privacidad\u00a0para nosotros es importante, por lo que pasamos a detallar nuestra\u00a0pol\u00edtica\u00a0respecto a la confidencialidad\u00a0de\u00a0su informaci\u00f3n persona. Adem\u00e1s puntualizamos nuestros principios, t\u00e9rminos y condiciones\u00a0de\u00a0uso. Pol\u00edtica\u00a0de\u00a0Privacidad\u25cf La aplicaci\u00f3n \u201cCampo del Cielo AR\u201d no recopila datos privados, ni se nos [&hellip;]<\/p>\n","protected":false},"author":2,"featured_media":0,"parent":0,"menu_order":0,"comment_status":"closed","ping_status":"closed","template":"","meta":{"_themeisle_gutenberg_block_has_review":false,"footnotes":""},"class_list":["post-1520","page","type-page","status-publish","hentry"],"_links":{"self":[{"href":"https:\/\/virtualmente.org\/index.php\/wp-json\/wp\/v2\/pages\/1520","targetHints":{"allow":["GET"]}}],"collection":[{"href":"https:\/\/virtualmente.org\/index.php\/wp-json\/wp\/v2\/pages"}],"about":[{"href":"https:\/\/virtualmente.org\/index.php\/wp-json\/wp\/v2\/types\/page"}],"author":[{"embeddable":true,"href":"https:\/\/virtualmente.org\/index.php\/wp-json\/wp\/v2\/users\/2"}],"replies":[{"embeddable":true,"href":"https:\/\/virtualmente.org\/index.php\/wp-json\/wp\/v2\/comments?post=1520"}],"version-history":[{"count":1,"href":"https:\/\/virtualmente.org\/index.php\/wp-json\/wp\/v2\/pages\/1520\/revisions"}],"predecessor-version":[{"id":1521,"href":"https:\/\/virtualmente.org\/index.php\/wp-json\/wp\/v2\/pages\/1520\/revisions\/1521"}],"wp:attachment":[{"href":"https:\/\/virtualmente.org\/index.php\/wp-json\/wp\/v2\/media?parent=1520"}],"curies":[{"name":"wp","href":"https:\/\/api.w.org\/{rel}","templated":true}]}}