{"id":1273,"date":"2024-09-01T22:57:08","date_gmt":"2024-09-02T01:57:08","guid":{"rendered":"https:\/\/virtualmente.org\/?page_id=1273"},"modified":"2025-11-18T13:17:21","modified_gmt":"2025-11-18T16:17:21","slug":"desarrollos","status":"publish","type":"page","link":"https:\/\/virtualmente.org\/index.php\/desarrollos\/","title":{"rendered":"Desarrollos"},"content":{"rendered":"<ul class=\"wp-block-latest-posts__list is-grid columns-3 entradas container desarrollos wp-block-latest-posts\"><li><div class=\"wp-block-latest-posts__featured-image alignleft\"><a href=\"https:\/\/virtualmente.org\/index.php\/2025\/09\/27\/guardianes-de-las-esculturas\/\" aria-label=\"Guardianes de las Esculturas\"><img loading=\"lazy\" decoding=\"async\" width=\"320\" height=\"260\" src=\"https:\/\/virtualmente.org\/wp-content\/uploads\/2025\/09\/imagen-1.png\" class=\"attachment-large size-large wp-post-image\" alt=\"\" style=\"\" srcset=\"https:\/\/virtualmente.org\/wp-content\/uploads\/2025\/09\/imagen-1.png 320w, https:\/\/virtualmente.org\/wp-content\/uploads\/2025\/09\/imagen-1-300x244.png 300w\" sizes=\"auto, (max-width: 320px) 100vw, 320px\" \/><\/a><\/div><a class=\"wp-block-latest-posts__post-title\" href=\"https:\/\/virtualmente.org\/index.php\/2025\/09\/27\/guardianes-de-las-esculturas\/\">Guardianes de las Esculturas<\/a><div class=\"wp-block-latest-posts__post-excerpt\">Escanea los c\u00f3digos bit y consigue todas las piezas de cada robot guardi\u00e1n para desbloquearlos y poder verlos en Realidad Aumentada. Interact\u00faa con los marcadores distribuidos en las esculturas de la Bienal de Tecnolog\u00eda.Tambi\u00e9n puedes descargarlos aqu\u00ed e imprimirlos para crear tu propia b\u00fasqueda del tesoro cultural.<\/div><\/li>\n<li><div class=\"wp-block-latest-posts__featured-image alignleft\"><a href=\"https:\/\/virtualmente.org\/index.php\/2024\/08\/29\/tango-molas\/\" aria-label=\"Tango Molas\"><img loading=\"lazy\" decoding=\"async\" width=\"320\" height=\"260\" src=\"https:\/\/virtualmente.org\/wp-content\/uploads\/2024\/08\/molas-1.png\" class=\"attachment-large size-large wp-post-image\" alt=\"\" style=\"\" srcset=\"https:\/\/virtualmente.org\/wp-content\/uploads\/2024\/08\/molas-1.png 320w, https:\/\/virtualmente.org\/wp-content\/uploads\/2024\/08\/molas-1-300x244.png 300w\" sizes=\"auto, (max-width: 320px) 100vw, 320px\" \/><\/a><\/div><a class=\"wp-block-latest-posts__post-title\" href=\"https:\/\/virtualmente.org\/index.php\/2024\/08\/29\/tango-molas\/\">Tango Molas<\/a><div class=\"wp-block-latest-posts__post-excerpt\">La aplicaci\u00f3n de realidad aumentada para Tango Molas Asunci\u00f3n ofrece a los usuarios la posibilidad de recorrer virtualmente los espacios del proyecto inmobiliario. A trav\u00e9s de la pantalla del m\u00f3vil, se pueden visualizar en tiempo real las comodidades y ventajas de habitar o invertir en el proyecto. Esta herramienta proporciona [&hellip;]<\/div><\/li>\n<li><div class=\"wp-block-latest-posts__featured-image alignleft\"><a href=\"https:\/\/virtualmente.org\/index.php\/2024\/08\/14\/origen\/\" aria-label=\"Origen\"><img loading=\"lazy\" decoding=\"async\" width=\"750\" height=\"609\" src=\"https:\/\/virtualmente.org\/wp-content\/uploads\/2024\/08\/origen2.png\" class=\"attachment-large size-large wp-post-image\" alt=\"\" style=\"\" srcset=\"https:\/\/virtualmente.org\/wp-content\/uploads\/2024\/08\/origen2.png 960w, https:\/\/virtualmente.org\/wp-content\/uploads\/2024\/08\/origen2-300x244.png 300w, https:\/\/virtualmente.org\/wp-content\/uploads\/2024\/08\/origen2-768x624.png 768w, https:\/\/virtualmente.org\/wp-content\/uploads\/2024\/08\/origen2-600x488.png 600w\" sizes=\"auto, (max-width: 750px) 100vw, 750px\" \/><\/a><\/div><a class=\"wp-block-latest-posts__post-title\" href=\"https:\/\/virtualmente.org\/index.php\/2024\/08\/14\/origen\/\">Origen<\/a><div class=\"wp-block-latest-posts__post-excerpt\">Una experiencia inmersiva que invita a sumergirse en las memorias colectivas del pueblo shipibo. SINOPSIS Or\u00edgenes es un viaje narrativo, interactivo y po\u00e9tico a trav\u00e9s de la selva amaz\u00f3nica. Durante este recorrido, somos guiados por una boa mitol\u00f3gica a trav\u00e9s de recuerdos, ense\u00f1anzas e historias de los or\u00edgenes Shipibo. A [&hellip;]<\/div><\/li>\n<li><div class=\"wp-block-latest-posts__featured-image alignleft\"><a href=\"https:\/\/virtualmente.org\/index.php\/2024\/01\/08\/el-secreto-ar\/\" aria-label=\"El secreto AR\"><img loading=\"lazy\" decoding=\"async\" width=\"320\" height=\"260\" src=\"https:\/\/virtualmente.org\/wp-content\/uploads\/2024\/01\/Frame-40248.png\" class=\"attachment-large size-large wp-post-image\" alt=\"\" style=\"\" srcset=\"https:\/\/virtualmente.org\/wp-content\/uploads\/2024\/01\/Frame-40248.png 320w, https:\/\/virtualmente.org\/wp-content\/uploads\/2024\/01\/Frame-40248-300x244.png 300w\" sizes=\"auto, (max-width: 320px) 100vw, 320px\" \/><\/a><\/div><a class=\"wp-block-latest-posts__post-title\" href=\"https:\/\/virtualmente.org\/index.php\/2024\/01\/08\/el-secreto-ar\/\">El secreto AR<\/a><div class=\"wp-block-latest-posts__post-excerpt\">El secreto AR es una aplicaci\u00f3n que te permite traer a tu tel\u00e9fono un meteorito de la localidad de Campo de Cielo, en la provincia de Chaco. Vas a poder escanearlo, sacarte una fotograf\u00eda y aprender sobre el sistema solar, acompa\u00f1ado de un breve relato sobre el fen\u00f3meno astron\u00f3mico ocurrido [&hellip;]<\/div><\/li>\n<li><div class=\"wp-block-latest-posts__featured-image alignleft\"><a href=\"https:\/\/virtualmente.org\/index.php\/2023\/12\/31\/campo-del-cielo-ar\/\" aria-label=\"Campo Del Cielo AR\"><img loading=\"lazy\" decoding=\"async\" width=\"320\" height=\"260\" src=\"https:\/\/virtualmente.org\/wp-content\/uploads\/2023\/12\/9.png\" class=\"attachment-large size-large wp-post-image\" alt=\"\" style=\"\" srcset=\"https:\/\/virtualmente.org\/wp-content\/uploads\/2023\/12\/9.png 320w, https:\/\/virtualmente.org\/wp-content\/uploads\/2023\/12\/9-300x244.png 300w\" sizes=\"auto, (max-width: 320px) 100vw, 320px\" \/><\/a><\/div><a class=\"wp-block-latest-posts__post-title\" href=\"https:\/\/virtualmente.org\/index.php\/2023\/12\/31\/campo-del-cielo-ar\/\">Campo Del Cielo AR<\/a><div class=\"wp-block-latest-posts__post-excerpt\">Recrea la lluvia de meteoritosque reg\u00f3 el suelo de la actual provincia de Chaco Revive con Realidad Aumentada la lluvia de Meteoritos ocurrida hace 4000 a\u00f1os en Campo del Cielo (Argentina). Descarga Gratuita: https:\/\/play.google.com\/store\/apps\/de&#8230; Menciones en medios https:\/\/www.noticiasdelparana.com.ar\/NuevaEdicion\/2021\/11\/09\/chaco-campo-del-cielo-ar-realidad-aumentada-para-conocer-el-fenomeno-de-la-lluvia-de-meteoritos-sobre-suelo-chaqueno\/ https:\/\/www.diariolavozdelchaco.com\/campo-del-cielo-en-aplicacion-de-realidad-aumentada\/<\/div><\/li>\n<li><div class=\"wp-block-latest-posts__featured-image alignleft\"><a href=\"https:\/\/virtualmente.org\/index.php\/2023\/12\/17\/lagrimas-de-sol\/\" aria-label=\"L\u00e1grimas de Sol\"><img loading=\"lazy\" decoding=\"async\" width=\"320\" height=\"260\" src=\"https:\/\/virtualmente.org\/wp-content\/uploads\/2023\/12\/lds2.png\" class=\"attachment-large size-large wp-post-image\" alt=\"\" style=\"\" srcset=\"https:\/\/virtualmente.org\/wp-content\/uploads\/2023\/12\/lds2.png 320w, https:\/\/virtualmente.org\/wp-content\/uploads\/2023\/12\/lds2-300x244.png 300w\" sizes=\"auto, (max-width: 320px) 100vw, 320px\" \/><\/a><\/div><a class=\"wp-block-latest-posts__post-title\" href=\"https:\/\/virtualmente.org\/index.php\/2023\/12\/17\/lagrimas-de-sol\/\">L\u00e1grimas de Sol<\/a><div class=\"wp-block-latest-posts__post-excerpt\">Una experiencia de realidad virtual que retrata la lluvia de meteoritos ocurrida hace 4 mil a\u00f1os en la provincia de Chaco. El viaje inmersivo comienza con una breve introducci\u00f3n en la que se describen las caracter\u00edsticas de un agujero negro, utiliz\u00e1ndolo\u201d para desplazarse 4 milenios al pasado.El o la usuaria, [&hellip;]<\/div><\/li>\n<li><div class=\"wp-block-latest-posts__featured-image alignleft\"><a href=\"https:\/\/virtualmente.org\/index.php\/2023\/12\/16\/paicorman-mision-calcio\/\" aria-label=\"Paicorman Misi\u00f3n Calcio\"><img loading=\"lazy\" decoding=\"async\" width=\"320\" height=\"260\" src=\"https:\/\/virtualmente.org\/wp-content\/uploads\/2023\/12\/paicor.png\" class=\"attachment-large size-large wp-post-image\" alt=\"\" style=\"\" srcset=\"https:\/\/virtualmente.org\/wp-content\/uploads\/2023\/12\/paicor.png 320w, https:\/\/virtualmente.org\/wp-content\/uploads\/2023\/12\/paicor-300x244.png 300w\" sizes=\"auto, (max-width: 320px) 100vw, 320px\" \/><\/a><\/div><a class=\"wp-block-latest-posts__post-title\" href=\"https:\/\/virtualmente.org\/index.php\/2023\/12\/16\/paicorman-mision-calcio\/\">Paicorman Misi\u00f3n Calcio<\/a><div class=\"wp-block-latest-posts__post-excerpt\">Video Juego<\/div><\/li>\n<li><div class=\"wp-block-latest-posts__featured-image alignleft\"><a href=\"https:\/\/virtualmente.org\/index.php\/2023\/12\/16\/octagonizador\/\" aria-label=\"Octagonizador\"><img loading=\"lazy\" decoding=\"async\" width=\"750\" height=\"469\" src=\"https:\/\/virtualmente.org\/wp-content\/uploads\/2023\/12\/Captura-de-pantalla-2023-08-15-a-las-14.48.11-1024x640-2.png\" class=\"attachment-large size-large wp-post-image\" alt=\"\" style=\"\" srcset=\"https:\/\/virtualmente.org\/wp-content\/uploads\/2023\/12\/Captura-de-pantalla-2023-08-15-a-las-14.48.11-1024x640-2.png 1024w, https:\/\/virtualmente.org\/wp-content\/uploads\/2023\/12\/Captura-de-pantalla-2023-08-15-a-las-14.48.11-1024x640-2-600x375.png 600w, https:\/\/virtualmente.org\/wp-content\/uploads\/2023\/12\/Captura-de-pantalla-2023-08-15-a-las-14.48.11-1024x640-2-300x188.png 300w, https:\/\/virtualmente.org\/wp-content\/uploads\/2023\/12\/Captura-de-pantalla-2023-08-15-a-las-14.48.11-1024x640-2-768x480.png 768w\" sizes=\"auto, (max-width: 750px) 100vw, 750px\" \/><\/a><\/div><a class=\"wp-block-latest-posts__post-title\" href=\"https:\/\/virtualmente.org\/index.php\/2023\/12\/16\/octagonizador\/\">Octagonizador<\/a><div class=\"wp-block-latest-posts__post-excerpt\">Viedeo juego realizado para la provincia de C\u00f3rdoba, Argetina. Para el programa de PAICOR (Programa de Asistencia Integral de C\u00f3rdoba)<\/div><\/li>\n<li><div class=\"wp-block-latest-posts__featured-image alignleft\"><a href=\"https:\/\/virtualmente.org\/index.php\/2023\/09\/02\/eso-que-todavia-no-entiendo\/\" aria-label=\"Eso que todav\u00eda no entiendo\"><img loading=\"lazy\" decoding=\"async\" width=\"320\" height=\"260\" src=\"https:\/\/virtualmente.org\/wp-content\/uploads\/2024\/09\/7.png\" class=\"attachment-large size-large wp-post-image\" alt=\"\" style=\"\" srcset=\"https:\/\/virtualmente.org\/wp-content\/uploads\/2024\/09\/7.png 320w, https:\/\/virtualmente.org\/wp-content\/uploads\/2024\/09\/7-300x244.png 300w\" sizes=\"auto, (max-width: 320px) 100vw, 320px\" \/><\/a><\/div><a class=\"wp-block-latest-posts__post-title\" href=\"https:\/\/virtualmente.org\/index.php\/2023\/09\/02\/eso-que-todavia-no-entiendo\/\">Eso que todav\u00eda no entiendo<\/a><div class=\"wp-block-latest-posts__post-excerpt\">Todo eso que no entiendo todav\u00eda cuenta una serie de relatos que acompa\u00f1an a sus personajes en distintos contextos de encierro. Cuando el mundo exterior y su cotidiano deben enfrascarse, \u00bfC\u00f3mo act\u00faan cuerpo, mente y esencia? Un mismo edificio e infinitos disparadores que develan un mundo dentro de otro mundo, [&hellip;]<\/div><\/li>\n<\/ul>","protected":false},"excerpt":{"rendered":"","protected":false},"author":1,"featured_media":0,"parent":0,"menu_order":0,"comment_status":"closed","ping_status":"closed","template":"","meta":{"_themeisle_gutenberg_block_has_review":false,"footnotes":""},"class_list":["post-1273","page","type-page","status-publish","hentry"],"_links":{"self":[{"href":"https:\/\/virtualmente.org\/index.php\/wp-json\/wp\/v2\/pages\/1273","targetHints":{"allow":["GET"]}}],"collection":[{"href":"https:\/\/virtualmente.org\/index.php\/wp-json\/wp\/v2\/pages"}],"about":[{"href":"https:\/\/virtualmente.org\/index.php\/wp-json\/wp\/v2\/types\/page"}],"author":[{"embeddable":true,"href":"https:\/\/virtualmente.org\/index.php\/wp-json\/wp\/v2\/users\/1"}],"replies":[{"embeddable":true,"href":"https:\/\/virtualmente.org\/index.php\/wp-json\/wp\/v2\/comments?post=1273"}],"version-history":[{"count":5,"href":"https:\/\/virtualmente.org\/index.php\/wp-json\/wp\/v2\/pages\/1273\/revisions"}],"predecessor-version":[{"id":1415,"href":"https:\/\/virtualmente.org\/index.php\/wp-json\/wp\/v2\/pages\/1273\/revisions\/1415"}],"wp:attachment":[{"href":"https:\/\/virtualmente.org\/index.php\/wp-json\/wp\/v2\/media?parent=1273"}],"curies":[{"name":"wp","href":"https:\/\/api.w.org\/{rel}","templated":true}]}}